{"id":122,"date":"2018-12-05T09:53:32","date_gmt":"2018-12-05T09:53:32","guid":{"rendered":"https:\/\/softstan.pt\/pt\/?page_id=122"},"modified":"2023-01-07T23:46:38","modified_gmt":"2023-01-07T23:46:38","slug":"politica-de-cookies","status":"publish","type":"page","link":"https:\/\/softstan.pt\/pt\/politica-de-cookies\/","title":{"rendered":"Pol\u00edtica de Cookies"},"content":{"rendered":"\t\t<div data-elementor-type=\"wp-post\" data-elementor-id=\"122\" class=\"elementor elementor-122\">\n\t\t\t\t\t\t<div class=\"elementor-inner\">\n\t\t\t\t<div class=\"elementor-section-wrap\">\n\t\t\t\t\t\t\t\t\t<section class=\"elementor-section elementor-top-section elementor-element elementor-element-97ec2e3 elementor-section-boxed elementor-section-height-default elementor-section-height-default\" data-id=\"97ec2e3\" data-element_type=\"section\">\n\t\t\t\t\t\t<div class=\"elementor-container elementor-column-gap-default\">\n\t\t\t\t\t\t\t<div class=\"elementor-row\">\n\t\t\t\t\t<div class=\"elementor-column elementor-col-100 elementor-top-column elementor-element elementor-element-d370626\" data-id=\"d370626\" data-element_type=\"column\">\n\t\t\t<div class=\"elementor-column-wrap elementor-element-populated\">\n\t\t\t\t\t\t\t<div class=\"elementor-widget-wrap\">\n\t\t\t\t\t\t<div class=\"elementor-element elementor-element-969d5da elementor-widget elementor-widget-spacer\" data-id=\"969d5da\" data-element_type=\"widget\" data-widget_type=\"spacer.default\">\n\t\t\t\t<div class=\"elementor-widget-container\">\n\t\t\t\t\t<div class=\"elementor-spacer\">\n\t\t\t<div class=\"elementor-spacer-inner\"><\/div>\n\t\t<\/div>\n\t\t\t\t<\/div>\n\t\t\t\t<\/div>\n\t\t\t\t<div class=\"elementor-element elementor-element-9fa9ee1 elementor-widget elementor-widget-heading\" data-id=\"9fa9ee1\" data-element_type=\"widget\" data-widget_type=\"heading.default\">\n\t\t\t\t<div class=\"elementor-widget-container\">\n\t\t\t<h3 class=\"elementor-heading-title elementor-size-default\">Pol\u00edtica de cookies<\/h3>\t\t<\/div>\n\t\t\t\t<\/div>\n\t\t\t\t<div class=\"elementor-element elementor-element-745c265 elementor-widget elementor-widget-spacer\" data-id=\"745c265\" data-element_type=\"widget\" data-widget_type=\"spacer.default\">\n\t\t\t\t<div class=\"elementor-widget-container\">\n\t\t\t\t\t<div class=\"elementor-spacer\">\n\t\t\t<div class=\"elementor-spacer-inner\"><\/div>\n\t\t<\/div>\n\t\t\t\t<\/div>\n\t\t\t\t<\/div>\n\t\t\t\t<div class=\"elementor-element elementor-element-df1a232 elementor-widget elementor-widget-text-editor\" data-id=\"df1a232\" data-element_type=\"widget\" data-widget_type=\"text-editor.default\">\n\t\t\t\t<div class=\"elementor-widget-container\">\n\t\t\t\t\t\t\t\t<div class=\"elementor-text-editor elementor-clearfix\">\n\t\t\t\t<p>O que s\u00e3o cookies?<\/p><p>\u201cCookies\u201d s\u00e3o pequenas etiquetas de software que s\u00e3o armazenadas nos equipamentos de acesso atrav\u00e9s do navegador (browser), retendo apenas informa\u00e7\u00e3o relacionada com as prefer\u00eancias, n\u00e3o incluindo, como tal, os dados pessoais<\/p><p>Para que servem os Cookies?<\/p><p>Os cookies servem para ajudar a determinar a utilidade, interesse e o n\u00famero de utiliza\u00e7\u00f5es dos websites, permitindo uma navega\u00e7\u00e3o mais r\u00e1pida e eficiente, eliminando a necessidade de introduzir repetidamente as mesmas informa\u00e7\u00f5es.<\/p><p>Que tipo de cookies existem?<\/p><p>Existem dois grupos cookies que podem ser utilizados<\/p><p>Cookies permanentes \u2013 s\u00e3o cookies que ficam armazenados ao n\u00edvel do browser nos equipamentos de acesso (PC, mobile e tablet) e que s\u00e3o utilizados sempre que faz uma nova visita ao nosso site. S\u00e3o utilizados, geralmente, para direcionar a navega\u00e7\u00e3o aos interesses do utilizador, permitindo prestar um servi\u00e7o mais personalizado.<br \/>Cookies de sess\u00e3o \u2013 s\u00e3o cookies tempor\u00e1rios que permanecem no arquivo de cookies do browser at\u00e9 sair do website. A informa\u00e7\u00e3o obtida por estes cookies serve para analisar padr\u00f5es de tr\u00e1fego na web, permitindo identificar problemas e fornecer uma melhor experiencia de navega\u00e7\u00e3o.<\/p><p>Para que fins utilizamos cookies?<\/p><p>Cookies estritamente necess\u00e1rios \u2013 Permitem a navega\u00e7\u00e3o no website e utiliza\u00e7\u00e3o das aplica\u00e7\u00f5es, bem como aceder a \u00e1reas seguras do website. Sem estes cookies, os servi\u00e7os requerido n\u00e3o podem ser prestados.<br \/>Cookies anal\u00edticos \u2013 S\u00e3o utilizados anonimamente para efeitos de cria\u00e7\u00e3o e an\u00e1lise de estat\u00edsticas, no sentido de melhorar o funcionamento do website.<br \/>Cookies de funcionalidade \u2013 Guardam as prefer\u00eancias do utilizador relativamente \u00e0 utiliza\u00e7\u00e3o do site, para que n\u00e3o seja necess\u00e1rio voltar a configurar o site cada vez que o visita.<br \/>Cookies de terceiros \u2013 Medem o sucesso de aplica\u00e7\u00f5es e a efic\u00e1cia da publicidade de terceiros. Podem tamb\u00e9m ser utilizados no sentido de personalizar um widget com dados do utilizador.<br \/>Cookies de publicidade \u2013 Direcionam a publicidade em fun\u00e7\u00e3o dos interesses de cada utilizador, por forma a direcionar as campanhas publicit\u00e1rias tendo em conta os gostos dos utilizadores, sendo que, al\u00e9m disso, limitam a quantidade de vezes que v\u00ea o an\u00fancio, ajudando a medir a efic\u00e1cia da publicidade e o sucesso da organiza\u00e7\u00e3o do website.<\/p><p>Como pode gerir os cookies?<\/p><p>Todos os browsers permitem ao utilizador aceitar, recusar ou apagar cookies, e ainda informar o utilizador sempre que um cookie \u00e9 recebido, nomeadamente atrav\u00e9s da sele\u00e7\u00e3o das defini\u00e7\u00f5es apropriadas no respetivo navegador. O utilizador pode configurar os cookies no menu \u201cop\u00e7\u00f5es\u201d ou \u201cprefer\u00eancias\u201d do seu browser.<\/p><p>Note-se, no entanto, que, ao desativar cookies, pode impedir que alguns servi\u00e7os da web funcionem corretamente, afetando, parcial ou totalmente, a navega\u00e7\u00e3o no website.<\/p>\t\t\t\t\t<\/div>\n\t\t\t\t\t\t<\/div>\n\t\t\t\t<\/div>\n\t\t\t\t<div class=\"elementor-element elementor-element-7ace5bc elementor-widget elementor-widget-spacer\" data-id=\"7ace5bc\" data-element_type=\"widget\" data-widget_type=\"spacer.default\">\n\t\t\t\t<div class=\"elementor-widget-container\">\n\t\t\t\t\t<div class=\"elementor-spacer\">\n\t\t\t<div class=\"elementor-spacer-inner\"><\/div>\n\t\t<\/div>\n\t\t\t\t<\/div>\n\t\t\t\t<\/div>\n\t\t\t\t\t\t<\/div>\n\t\t\t\t\t<\/div>\n\t\t<\/div>\n\t\t\t\t\t\t\t\t<\/div>\n\t\t\t\t\t<\/div>\n\t\t<\/section>\n\t\t\t\t<section class=\"elementor-section elementor-top-section elementor-element elementor-element-3fe878b elementor-section-boxed elementor-section-height-default elementor-section-height-default\" data-id=\"3fe878b\" data-element_type=\"section\" data-settings=\"{&quot;background_background&quot;:&quot;classic&quot;}\">\n\t\t\t\t\t\t<div class=\"elementor-container elementor-column-gap-default\">\n\t\t\t\t\t\t\t<div class=\"elementor-row\">\n\t\t\t\t\t<div class=\"elementor-column elementor-col-100 elementor-top-column elementor-element elementor-element-7795096\" data-id=\"7795096\" data-element_type=\"column\">\n\t\t\t<div class=\"elementor-column-wrap elementor-element-populated\">\n\t\t\t\t\t\t\t<div class=\"elementor-widget-wrap\">\n\t\t\t\t\t\t<section class=\"elementor-section elementor-inner-section elementor-element elementor-element-d155dcd elementor-section-boxed elementor-section-height-default elementor-section-height-default\" data-id=\"d155dcd\" data-element_type=\"section\">\n\t\t\t\t\t\t<div class=\"elementor-container elementor-column-gap-default\">\n\t\t\t\t\t\t\t<div class=\"elementor-row\">\n\t\t\t\t\t<div class=\"elementor-column elementor-col-50 elementor-inner-column elementor-element elementor-element-a5b50d0\" data-id=\"a5b50d0\" data-element_type=\"column\">\n\t\t\t<div class=\"elementor-column-wrap elementor-element-populated\">\n\t\t\t\t\t\t\t<div class=\"elementor-widget-wrap\">\n\t\t\t\t\t\t<div class=\"elementor-element elementor-element-249b477 elementor-widget elementor-widget-heading\" data-id=\"249b477\" data-element_type=\"widget\" data-widget_type=\"heading.default\">\n\t\t\t\t<div class=\"elementor-widget-container\">\n\t\t\t<h1 class=\"elementor-heading-title elementor-size-default\">Centro de assist\u00eancia<\/h1>\t\t<\/div>\n\t\t\t\t<\/div>\n\t\t\t\t\t\t<\/div>\n\t\t\t\t\t<\/div>\n\t\t<\/div>\n\t\t\t\t<div class=\"elementor-column elementor-col-50 elementor-inner-column elementor-element elementor-element-f4fc893\" data-id=\"f4fc893\" data-element_type=\"column\">\n\t\t\t<div class=\"elementor-column-wrap elementor-element-populated\">\n\t\t\t\t\t\t\t<div class=\"elementor-widget-wrap\">\n\t\t\t\t\t\t<div class=\"elementor-element elementor-element-172f274 elementor-widget elementor-widget-image\" data-id=\"172f274\" data-element_type=\"widget\" data-widget_type=\"image.default\">\n\t\t\t\t<div class=\"elementor-widget-container\">\n\t\t\t\t\t\t\t\t<div class=\"elementor-image\">\n\t\t\t\t\t\t\t\t\t\t\t\t<img loading=\"lazy\" decoding=\"async\" width=\"300\" height=\"48\" src=\"https:\/\/softstan.pt\/pt\/wp-content\/uploads\/2018\/12\/okiservice.png\" class=\"attachment-large size-large wp-image-112\" alt=\"\" srcset=\"https:\/\/softstan.pt\/pt\/wp-content\/uploads\/2018\/12\/okiservice.png 300w, https:\/\/softstan.pt\/pt\/wp-content\/uploads\/2018\/12\/okiservice-230x37.png 230w\" sizes=\"auto, (max-width: 300px) 100vw, 300px\" \/>\t\t\t\t\t\t\t\t\t\t\t\t\t\t<\/div>\n\t\t\t\t\t\t<\/div>\n\t\t\t\t<\/div>\n\t\t\t\t\t\t<\/div>\n\t\t\t\t\t<\/div>\n\t\t<\/div>\n\t\t\t\t\t\t\t\t<\/div>\n\t\t\t\t\t<\/div>\n\t\t<\/section>\n\t\t\t\t\t\t<\/div>\n\t\t\t\t\t<\/div>\n\t\t<\/div>\n\t\t\t\t\t\t\t\t<\/div>\n\t\t\t\t\t<\/div>\n\t\t<\/section>\n\t\t\t\t<section class=\"elementor-section elementor-top-section elementor-element elementor-element-71cda6c elementor-section-boxed elementor-section-height-default elementor-section-height-default\" data-id=\"71cda6c\" data-element_type=\"section\" data-settings=\"{&quot;background_background&quot;:&quot;classic&quot;}\">\n\t\t\t\t\t\t<div class=\"elementor-container elementor-column-gap-default\">\n\t\t\t\t\t\t\t<div class=\"elementor-row\">\n\t\t\t\t\t<div class=\"elementor-column elementor-col-50 elementor-top-column elementor-element elementor-element-5951e49\" data-id=\"5951e49\" data-element_type=\"column\">\n\t\t\t<div class=\"elementor-column-wrap elementor-element-populated\">\n\t\t\t\t\t\t\t<div class=\"elementor-widget-wrap\">\n\t\t\t\t\t\t<section class=\"elementor-section elementor-inner-section elementor-element elementor-element-0664ec2 elementor-section-boxed elementor-section-height-default elementor-section-height-default\" data-id=\"0664ec2\" data-element_type=\"section\" data-settings=\"{&quot;background_background&quot;:&quot;classic&quot;}\">\n\t\t\t\t\t\t<div class=\"elementor-container elementor-column-gap-default\">\n\t\t\t\t\t\t\t<div class=\"elementor-row\">\n\t\t\t\t\t<div class=\"elementor-column elementor-col-50 elementor-inner-column elementor-element elementor-element-76aef5b\" data-id=\"76aef5b\" data-element_type=\"column\">\n\t\t\t<div class=\"elementor-column-wrap elementor-element-populated\">\n\t\t\t\t\t\t\t<div class=\"elementor-widget-wrap\">\n\t\t\t\t\t\t<div class=\"elementor-element elementor-element-8bd670c elementor-view-default elementor-widget elementor-widget-icon\" data-id=\"8bd670c\" data-element_type=\"widget\" data-widget_type=\"icon.default\">\n\t\t\t\t<div class=\"elementor-widget-container\">\n\t\t\t\t\t<div class=\"elementor-icon-wrapper\">\n\t\t\t<div class=\"elementor-icon\">\n\t\t\t\t\t\t\t<i class=\"fa fa-home\" aria-hidden=\"true\"><\/i>\n\t\t\t\t\t\t<\/div>\n\t\t<\/div>\n\t\t\t\t<\/div>\n\t\t\t\t<\/div>\n\t\t\t\t\t\t<\/div>\n\t\t\t\t\t<\/div>\n\t\t<\/div>\n\t\t\t\t<div class=\"elementor-column elementor-col-50 elementor-inner-column elementor-element elementor-element-30c0d01\" data-id=\"30c0d01\" data-element_type=\"column\">\n\t\t\t<div class=\"elementor-column-wrap elementor-element-populated\">\n\t\t\t\t\t\t\t<div class=\"elementor-widget-wrap\">\n\t\t\t\t\t\t<div class=\"elementor-element elementor-element-22f55d1 elementor-widget elementor-widget-text-editor\" data-id=\"22f55d1\" data-element_type=\"widget\" data-widget_type=\"text-editor.default\">\n\t\t\t\t<div class=\"elementor-widget-container\">\n\t\t\t\t\t\t\t\t<div class=\"elementor-text-editor elementor-clearfix\">\n\t\t\t\t<p>Rua Vasco Santana, N\u00ba 21 Loja Esq.<\/p><p>2725-178 Mem-Martins<\/p>\t\t\t\t\t<\/div>\n\t\t\t\t\t\t<\/div>\n\t\t\t\t<\/div>\n\t\t\t\t\t\t<\/div>\n\t\t\t\t\t<\/div>\n\t\t<\/div>\n\t\t\t\t\t\t\t\t<\/div>\n\t\t\t\t\t<\/div>\n\t\t<\/section>\n\t\t\t\t<section class=\"elementor-section elementor-inner-section elementor-element elementor-element-20936c8 elementor-section-boxed elementor-section-height-default elementor-section-height-default\" data-id=\"20936c8\" data-element_type=\"section\" data-settings=\"{&quot;background_background&quot;:&quot;classic&quot;}\">\n\t\t\t\t\t\t<div class=\"elementor-container elementor-column-gap-default\">\n\t\t\t\t\t\t\t<div class=\"elementor-row\">\n\t\t\t\t\t<div class=\"elementor-column elementor-col-50 elementor-inner-column elementor-element elementor-element-af04280\" data-id=\"af04280\" data-element_type=\"column\">\n\t\t\t<div class=\"elementor-column-wrap elementor-element-populated\">\n\t\t\t\t\t\t\t<div class=\"elementor-widget-wrap\">\n\t\t\t\t\t\t<div class=\"elementor-element elementor-element-d15537d elementor-view-default elementor-widget elementor-widget-icon\" data-id=\"d15537d\" data-element_type=\"widget\" data-widget_type=\"icon.default\">\n\t\t\t\t<div class=\"elementor-widget-container\">\n\t\t\t\t\t<div class=\"elementor-icon-wrapper\">\n\t\t\t<div class=\"elementor-icon\">\n\t\t\t\t\t\t\t<i class=\"fa fa-phone-square\" aria-hidden=\"true\"><\/i>\n\t\t\t\t\t\t<\/div>\n\t\t<\/div>\n\t\t\t\t<\/div>\n\t\t\t\t<\/div>\n\t\t\t\t\t\t<\/div>\n\t\t\t\t\t<\/div>\n\t\t<\/div>\n\t\t\t\t<div class=\"elementor-column elementor-col-50 elementor-inner-column elementor-element elementor-element-19ba63d\" data-id=\"19ba63d\" data-element_type=\"column\">\n\t\t\t<div class=\"elementor-column-wrap elementor-element-populated\">\n\t\t\t\t\t\t\t<div class=\"elementor-widget-wrap\">\n\t\t\t\t\t\t<div class=\"elementor-element elementor-element-5dd0737 elementor-widget elementor-widget-text-editor\" data-id=\"5dd0737\" data-element_type=\"widget\" data-widget_type=\"text-editor.default\">\n\t\t\t\t<div class=\"elementor-widget-container\">\n\t\t\t\t\t\t\t\t<div class=\"elementor-text-editor elementor-clearfix\">\n\t\t\t\t<p>+ 351 214 217 087<\/p>\t\t\t\t\t<\/div>\n\t\t\t\t\t\t<\/div>\n\t\t\t\t<\/div>\n\t\t\t\t<div class=\"elementor-element elementor-element-ff73f57 elementor-widget elementor-widget-heading\" data-id=\"ff73f57\" data-element_type=\"widget\" data-widget_type=\"heading.default\">\n\t\t\t\t<div class=\"elementor-widget-container\">\n\t\t\t<h2 class=\"elementor-heading-title elementor-size-default\">Chamada para rede fixa nacional<\/h2>\t\t<\/div>\n\t\t\t\t<\/div>\n\t\t\t\t\t\t<\/div>\n\t\t\t\t\t<\/div>\n\t\t<\/div>\n\t\t\t\t\t\t\t\t<\/div>\n\t\t\t\t\t<\/div>\n\t\t<\/section>\n\t\t\t\t<section class=\"elementor-section elementor-inner-section elementor-element elementor-element-509d731 elementor-section-boxed elementor-section-height-default elementor-section-height-default\" data-id=\"509d731\" data-element_type=\"section\" data-settings=\"{&quot;background_background&quot;:&quot;classic&quot;}\">\n\t\t\t\t\t\t<div class=\"elementor-container elementor-column-gap-default\">\n\t\t\t\t\t\t\t<div class=\"elementor-row\">\n\t\t\t\t\t<div class=\"elementor-column elementor-col-50 elementor-inner-column elementor-element elementor-element-9a6d91e\" data-id=\"9a6d91e\" data-element_type=\"column\">\n\t\t\t<div class=\"elementor-column-wrap elementor-element-populated\">\n\t\t\t\t\t\t\t<div class=\"elementor-widget-wrap\">\n\t\t\t\t\t\t<div class=\"elementor-element elementor-element-c237e2d elementor-view-default elementor-widget elementor-widget-icon\" data-id=\"c237e2d\" data-element_type=\"widget\" data-widget_type=\"icon.default\">\n\t\t\t\t<div class=\"elementor-widget-container\">\n\t\t\t\t\t<div class=\"elementor-icon-wrapper\">\n\t\t\t<div class=\"elementor-icon\">\n\t\t\t\t\t\t\t<i class=\"fa fa-at\" aria-hidden=\"true\"><\/i>\n\t\t\t\t\t\t<\/div>\n\t\t<\/div>\n\t\t\t\t<\/div>\n\t\t\t\t<\/div>\n\t\t\t\t\t\t<\/div>\n\t\t\t\t\t<\/div>\n\t\t<\/div>\n\t\t\t\t<div class=\"elementor-column elementor-col-50 elementor-inner-column elementor-element elementor-element-18c2735\" data-id=\"18c2735\" data-element_type=\"column\">\n\t\t\t<div class=\"elementor-column-wrap elementor-element-populated\">\n\t\t\t\t\t\t\t<div class=\"elementor-widget-wrap\">\n\t\t\t\t\t\t<div class=\"elementor-element elementor-element-9805a42 elementor-widget elementor-widget-text-editor\" data-id=\"9805a42\" data-element_type=\"widget\" data-widget_type=\"text-editor.default\">\n\t\t\t\t<div class=\"elementor-widget-container\">\n\t\t\t\t\t\t\t\t<div class=\"elementor-text-editor elementor-clearfix\">\n\t\t\t\t<p>geral@softstan.pt<\/p>\t\t\t\t\t<\/div>\n\t\t\t\t\t\t<\/div>\n\t\t\t\t<\/div>\n\t\t\t\t\t\t<\/div>\n\t\t\t\t\t<\/div>\n\t\t<\/div>\n\t\t\t\t\t\t\t\t<\/div>\n\t\t\t\t\t<\/div>\n\t\t<\/section>\n\t\t\t\t\t\t<\/div>\n\t\t\t\t\t<\/div>\n\t\t<\/div>\n\t\t\t\t<div class=\"elementor-column elementor-col-50 elementor-top-column elementor-element elementor-element-05b32a5\" data-id=\"05b32a5\" data-element_type=\"column\">\n\t\t\t<div class=\"elementor-column-wrap elementor-element-populated\">\n\t\t\t\t\t\t\t<div class=\"elementor-widget-wrap\">\n\t\t\t\t\t\t<div class=\"elementor-element elementor-element-8926844 elementor-widget elementor-widget-image\" data-id=\"8926844\" data-element_type=\"widget\" data-widget_type=\"image.default\">\n\t\t\t\t<div class=\"elementor-widget-container\">\n\t\t\t\t\t\t\t\t<div class=\"elementor-image\">\n\t\t\t\t\t\t\t\t\t\t\t\t\t<a href=\"https:\/\/softstan.pt\/pt\/\/contatos\/#contatenos\">\n\t\t\t\t\t\t\t<img loading=\"lazy\" decoding=\"async\" width=\"230\" height=\"83\" src=\"https:\/\/softstan.pt\/pt\/wp-content\/uploads\/2018\/12\/startrepair4.png\" class=\"attachment-full size-full wp-image-173\" alt=\"\" \/>\t\t\t\t\t\t\t\t<\/a>\n\t\t\t\t\t\t\t\t\t\t\t\t\t\t<\/div>\n\t\t\t\t\t\t<\/div>\n\t\t\t\t<\/div>\n\t\t\t\t<div class=\"elementor-element elementor-element-b13e4b2 elementor-widget elementor-widget-image\" data-id=\"b13e4b2\" data-element_type=\"widget\" data-widget_type=\"image.default\">\n\t\t\t\t<div class=\"elementor-widget-container\">\n\t\t\t\t\t\t\t\t<div class=\"elementor-image\">\n\t\t\t\t\t\t\t\t\t\t\t\t\t<a href=\"https:\/\/softstan.pt\/pt\/\/contatos\/#contatenos\">\n\t\t\t\t\t\t\t<img loading=\"lazy\" decoding=\"async\" width=\"230\" height=\"83\" src=\"https:\/\/softstan.pt\/pt\/wp-content\/uploads\/2018\/12\/finance.png\" class=\"attachment-large size-large wp-image-174\" alt=\"\" \/>\t\t\t\t\t\t\t\t<\/a>\n\t\t\t\t\t\t\t\t\t\t\t\t\t\t<\/div>\n\t\t\t\t\t\t<\/div>\n\t\t\t\t<\/div>\n\t\t\t\t<div class=\"elementor-element elementor-element-ff0132a elementor-widget elementor-widget-image\" data-id=\"ff0132a\" data-element_type=\"widget\" data-widget_type=\"image.default\">\n\t\t\t\t<div class=\"elementor-widget-container\">\n\t\t\t\t\t\t\t\t<div class=\"elementor-image\">\n\t\t\t\t\t\t\t\t\t\t\t\t\t<a href=\"https:\/\/softstan.pt\/pt\/\/contatos\/#contatenos\">\n\t\t\t\t\t\t\t<img loading=\"lazy\" decoding=\"async\" width=\"230\" height=\"83\" src=\"https:\/\/softstan.pt\/pt\/wp-content\/uploads\/2018\/12\/promo.png\" class=\"attachment-large size-large wp-image-175\" alt=\"\" \/>\t\t\t\t\t\t\t\t<\/a>\n\t\t\t\t\t\t\t\t\t\t\t\t\t\t<\/div>\n\t\t\t\t\t\t<\/div>\n\t\t\t\t<\/div>\n\t\t\t\t\t\t<\/div>\n\t\t\t\t\t<\/div>\n\t\t<\/div>\n\t\t\t\t\t\t\t\t<\/div>\n\t\t\t\t\t<\/div>\n\t\t<\/section>\n\t\t\t\t<section class=\"elementor-section elementor-top-section elementor-element elementor-element-94142ee elementor-section-boxed elementor-section-height-default elementor-section-height-default\" data-id=\"94142ee\" data-element_type=\"section\" data-settings=\"{&quot;background_background&quot;:&quot;classic&quot;}\">\n\t\t\t\t\t\t<div class=\"elementor-container elementor-column-gap-default\">\n\t\t\t\t\t\t\t<div class=\"elementor-row\">\n\t\t\t\t\t<div class=\"elementor-column elementor-col-33 elementor-top-column elementor-element elementor-element-8342617\" data-id=\"8342617\" data-element_type=\"column\">\n\t\t\t<div class=\"elementor-column-wrap elementor-element-populated\">\n\t\t\t\t\t\t\t<div class=\"elementor-widget-wrap\">\n\t\t\t\t\t\t<div class=\"elementor-element elementor-element-767e495 elementor-widget elementor-widget-heading\" data-id=\"767e495\" data-element_type=\"widget\" data-widget_type=\"heading.default\">\n\t\t\t\t<div class=\"elementor-widget-container\">\n\t\t\t<h6 class=\"elementor-heading-title elementor-size-default\"><a href=\"https:\/\/softstan.pt\/pt\/\/politica-de-cookies\/\">Pol\u00edtica de cookies<\/a><\/h6>\t\t<\/div>\n\t\t\t\t<\/div>\n\t\t\t\t\t\t<\/div>\n\t\t\t\t\t<\/div>\n\t\t<\/div>\n\t\t\t\t<div class=\"elementor-column elementor-col-33 elementor-top-column elementor-element elementor-element-b2f6b0a\" data-id=\"b2f6b0a\" data-element_type=\"column\">\n\t\t\t<div class=\"elementor-column-wrap elementor-element-populated\">\n\t\t\t\t\t\t\t<div class=\"elementor-widget-wrap\">\n\t\t\t\t\t\t<div class=\"elementor-element elementor-element-fb21765 elementor-widget elementor-widget-heading\" data-id=\"fb21765\" data-element_type=\"widget\" data-widget_type=\"heading.default\">\n\t\t\t\t<div class=\"elementor-widget-container\">\n\t\t\t<h6 class=\"elementor-heading-title elementor-size-default\"><a href=\"https:\/\/softstan.pt\/pt\/\/politica-de-privacidade\/\">Pol\u00edtica de privacidade<\/a><\/h6>\t\t<\/div>\n\t\t\t\t<\/div>\n\t\t\t\t\t\t<\/div>\n\t\t\t\t\t<\/div>\n\t\t<\/div>\n\t\t\t\t<div class=\"elementor-column elementor-col-33 elementor-top-column elementor-element elementor-element-99f5eb6\" data-id=\"99f5eb6\" data-element_type=\"column\">\n\t\t\t<div class=\"elementor-column-wrap elementor-element-populated\">\n\t\t\t\t\t\t\t<div class=\"elementor-widget-wrap\">\n\t\t\t\t\t\t<div class=\"elementor-element elementor-element-90a11c6 elementor-widget elementor-widget-heading\" data-id=\"90a11c6\" data-element_type=\"widget\" data-widget_type=\"heading.default\">\n\t\t\t\t<div class=\"elementor-widget-container\">\n\t\t\t<h6 class=\"elementor-heading-title elementor-size-default\"><a href=\"https:\/\/www.livroreclamacoes.pt\/inicio\">Livro de reclama\u00e7\u00f5es<\/a><\/h6>\t\t<\/div>\n\t\t\t\t<\/div>\n\t\t\t\t\t\t<\/div>\n\t\t\t\t\t<\/div>\n\t\t<\/div>\n\t\t\t\t\t\t\t\t<\/div>\n\t\t\t\t\t<\/div>\n\t\t<\/section>\n\t\t\t\t\t\t\t\t\t<\/div>\n\t\t\t<\/div>\n\t\t\t\t\t<\/div>\n\t\t","protected":false},"excerpt":{"rendered":"<p>Pol\u00edtica de cookies O que s\u00e3o cookies? \u201cCookies\u201d s\u00e3o pequenas etiquetas de software que s\u00e3o armazenadas nos equipamentos de acesso atrav\u00e9s do [&hellip;]<\/p>\n","protected":false},"author":1,"featured_media":0,"parent":0,"menu_order":0,"comment_status":"closed","ping_status":"closed","template":"page-templates\/page_front-page.php","meta":{"_mi_skip_tracking":false,"footnotes":""},"class_list":["post-122","page","type-page","status-publish","hentry"],"_links":{"self":[{"href":"https:\/\/softstan.pt\/pt\/wp-json\/wp\/v2\/pages\/122","targetHints":{"allow":["GET"]}}],"collection":[{"href":"https:\/\/softstan.pt\/pt\/wp-json\/wp\/v2\/pages"}],"about":[{"href":"https:\/\/softstan.pt\/pt\/wp-json\/wp\/v2\/types\/page"}],"author":[{"embeddable":true,"href":"https:\/\/softstan.pt\/pt\/wp-json\/wp\/v2\/users\/1"}],"replies":[{"embeddable":true,"href":"https:\/\/softstan.pt\/pt\/wp-json\/wp\/v2\/comments?post=122"}],"version-history":[{"count":11,"href":"https:\/\/softstan.pt\/pt\/wp-json\/wp\/v2\/pages\/122\/revisions"}],"predecessor-version":[{"id":291,"href":"https:\/\/softstan.pt\/pt\/wp-json\/wp\/v2\/pages\/122\/revisions\/291"}],"wp:attachment":[{"href":"https:\/\/softstan.pt\/pt\/wp-json\/wp\/v2\/media?parent=122"}],"curies":[{"name":"wp","href":"https:\/\/api.w.org\/{rel}","templated":true}]}}